{"id":6836,"date":"2020-12-15T13:33:36","date_gmt":"2020-12-15T12:33:36","guid":{"rendered":"https:\/\/www.rodrigoleao.pt\/produto\/rodrigo-leao-o-metodo-cd\/"},"modified":"2024-09-07T19:18:02","modified_gmt":"2024-09-07T18:18:02","slug":"rodrigo-leao-o-metodo-cd","status":"publish","type":"product","link":"https:\/\/www.rodrigoleao.pt\/en\/produto\/rodrigo-leao-o-metodo-cd\/","title":{"rendered":"Rodrigo Le\u00e3o &#8211; O M\u00e9todo (CD)"},"content":{"rendered":"","protected":false},"excerpt":{"rendered":"<p>O M\u00e9todo<\/p>\n<p><span class=\"text_exposed_show\">SONG CREDITS:<br \/>\nMusic \u2013 Rodrigo Le\u00e3o<br \/>\nLyrics \u2013 Casper Clausen<br \/>\nProduced and arranged by Federico Albanese, Jo\u00e3o Eleut\u00e9rio, Pedro Oliveira and Rodrigo Le\u00e3o<br \/>\nRecorded by Simon Goff at Atl\u00e2ntico Blue Studios \u2013 Pa\u00e7o d\u2019Arcos in July 2019<br \/>\nMixed by Simon Goff at the Vox-Ton Recording Studio \u2013 Berlin in July 2019<br \/>\nMastered by Bo Kondren at CALYX Mastering \u2013 Berlin in November 2019<\/span><\/p>\n<div class=\"text_exposed_show\">\n<p>Casper Clausen \u2013 vocals<br \/>\nRodrigo Le\u00e3o \u2013 piano and synthesizer<br \/>\nFederico Albanese \u2013 bass, guitar and electronics<br \/>\nJo\u00e3o Eleut\u00e9rio \u2013 synthesizer<br \/>\nViviena Tupikova \u2013 violin<br \/>\nSimon Goff \u2013 violinBruno Silva \u2013 viola<br \/>\nCarlos Tony Gomes \u2013 cello and strings arrangements<br \/>\nCoro Juvenil da AMAC (Youth Choir) \u2013 arranged by Paulo Louren\u00e7o and directed by Jo\u00e3o Barros<\/p>\n<\/div>\n<p><a href=\"https:\/\/www.rodrigoleao.pt\/rodrigo-leao-fala-sobre-o-metodo\/\">Rodrigo Le\u00e3o fala sobre este disco<\/a>.<\/p>\n","protected":false},"featured_media":5963,"comment_status":"open","ping_status":"closed","template":"","meta":[],"_links":{"self":[{"href":"https:\/\/www.rodrigoleao.pt\/en\/wp-json\/wp\/v2\/product\/6836"}],"collection":[{"href":"https:\/\/www.rodrigoleao.pt\/en\/wp-json\/wp\/v2\/product"}],"about":[{"href":"https:\/\/www.rodrigoleao.pt\/en\/wp-json\/wp\/v2\/types\/product"}],"replies":[{"embeddable":true,"href":"https:\/\/www.rodrigoleao.pt\/en\/wp-json\/wp\/v2\/comments?post=6836"}],"wp:featuredmedia":[{"embeddable":true,"href":"https:\/\/www.rodrigoleao.pt\/en\/wp-json\/wp\/v2\/media\/5963"}],"wp:attachment":[{"href":"https:\/\/www.rodrigoleao.pt\/en\/wp-json\/wp\/v2\/media?parent=6836"}],"curies":[{"name":"wp","href":"https:\/\/api.w.org\/{rel}","templated":true}]}}