{"id":6700,"date":"2020-02-29T19:20:47","date_gmt":"2020-02-29T18:20:47","guid":{"rendered":"https:\/\/www.rodrigoleao.pt\/produto\/lenco-o-metodo\/"},"modified":"2020-02-29T19:20:47","modified_gmt":"2020-02-29T18:20:47","slug":"lenco-o-metodo","status":"publish","type":"product","link":"https:\/\/www.rodrigoleao.pt\/en\/produto\/lenco-o-metodo\/","title":{"rendered":"Len\u00e7o &#8220;O M\u00e9todo&#8221;"},"content":{"rendered":"","protected":false},"excerpt":{"rendered":"<p>Len\u00e7o &#8220;O M\u00e9todo&#8221; com 120x120cm em tecido <em>silk satin<\/em> (100% poliester)<\/p>\n<p><em>(fornecido em caixa de cart\u00e3o branco)\u00a0<\/em><\/p>\n","protected":false},"featured_media":6045,"comment_status":"open","ping_status":"closed","template":"","meta":[],"_links":{"self":[{"href":"https:\/\/www.rodrigoleao.pt\/en\/wp-json\/wp\/v2\/product\/6700"}],"collection":[{"href":"https:\/\/www.rodrigoleao.pt\/en\/wp-json\/wp\/v2\/product"}],"about":[{"href":"https:\/\/www.rodrigoleao.pt\/en\/wp-json\/wp\/v2\/types\/product"}],"replies":[{"embeddable":true,"href":"https:\/\/www.rodrigoleao.pt\/en\/wp-json\/wp\/v2\/comments?post=6700"}],"wp:featuredmedia":[{"embeddable":true,"href":"https:\/\/www.rodrigoleao.pt\/en\/wp-json\/wp\/v2\/media\/6045"}],"wp:attachment":[{"href":"https:\/\/www.rodrigoleao.pt\/en\/wp-json\/wp\/v2\/media?parent=6700"}],"curies":[{"name":"wp","href":"https:\/\/api.w.org\/{rel}","templated":true}]}}