{"id":6696,"date":"2020-03-01T00:28:31","date_gmt":"2020-02-29T23:28:31","guid":{"rendered":"https:\/\/www.rodrigoleao.pt\/produto\/o-malabarista-reproducao-com-passepartout\/"},"modified":"2021-04-23T21:46:56","modified_gmt":"2021-04-23T20:46:56","slug":"o-malabarista-reproducao-com-passepartout","status":"publish","type":"product","link":"https:\/\/www.rodrigoleao.pt\/en\/produto\/o-malabarista-reproducao-com-passepartout\/","title":{"rendered":"&#8220;O Malabarista&#8221; &#8211; reprodu\u00e7\u00e3o com Passepartout"},"content":{"rendered":"","protected":false},"excerpt":{"rendered":"<p>Reprodu\u00e7\u00e3o com passepartout imagem com 22,5x30cm (medida exterior 30x40cm).<\/p>\n<p>*Moldura n\u00e3o inclu\u00edda.<\/p>\n","protected":false},"featured_media":6071,"comment_status":"open","ping_status":"closed","template":"","meta":[],"_links":{"self":[{"href":"https:\/\/www.rodrigoleao.pt\/en\/wp-json\/wp\/v2\/product\/6696"}],"collection":[{"href":"https:\/\/www.rodrigoleao.pt\/en\/wp-json\/wp\/v2\/product"}],"about":[{"href":"https:\/\/www.rodrigoleao.pt\/en\/wp-json\/wp\/v2\/types\/product"}],"replies":[{"embeddable":true,"href":"https:\/\/www.rodrigoleao.pt\/en\/wp-json\/wp\/v2\/comments?post=6696"}],"wp:featuredmedia":[{"embeddable":true,"href":"https:\/\/www.rodrigoleao.pt\/en\/wp-json\/wp\/v2\/media\/6071"}],"wp:attachment":[{"href":"https:\/\/www.rodrigoleao.pt\/en\/wp-json\/wp\/v2\/media?parent=6696"}],"curies":[{"name":"wp","href":"https:\/\/api.w.org\/{rel}","templated":true}]}}