{"id":6693,"date":"2020-03-01T00:50:54","date_gmt":"2020-02-29T23:50:54","guid":{"rendered":"https:\/\/www.rodrigoleao.pt\/produto\/os-irmaos-reproducao-com-passepartout\/"},"modified":"2020-12-11T14:03:10","modified_gmt":"2020-12-11T13:03:10","slug":"os-irmaos-reproducao-com-passepartout","status":"publish","type":"product","link":"https:\/\/www.rodrigoleao.pt\/en\/produto\/os-irmaos-reproducao-com-passepartout\/","title":{"rendered":"&#8220;Os Irm\u00e3os&#8221; &#8211; reprodu\u00e7\u00e3o com Passepartout"},"content":{"rendered":"","protected":false},"excerpt":{"rendered":"<p>Reprodu\u00e7\u00e3o com passepartout imagem com 22,5x30cm (medida exterior 30x40cm)<\/p>\n<p>*Moldura n\u00e3o inclu\u00edda.<\/p>\n","protected":false},"featured_media":6069,"comment_status":"open","ping_status":"closed","template":"","meta":[],"_links":{"self":[{"href":"https:\/\/www.rodrigoleao.pt\/en\/wp-json\/wp\/v2\/product\/6693"}],"collection":[{"href":"https:\/\/www.rodrigoleao.pt\/en\/wp-json\/wp\/v2\/product"}],"about":[{"href":"https:\/\/www.rodrigoleao.pt\/en\/wp-json\/wp\/v2\/types\/product"}],"replies":[{"embeddable":true,"href":"https:\/\/www.rodrigoleao.pt\/en\/wp-json\/wp\/v2\/comments?post=6693"}],"wp:featuredmedia":[{"embeddable":true,"href":"https:\/\/www.rodrigoleao.pt\/en\/wp-json\/wp\/v2\/media\/6069"}],"wp:attachment":[{"href":"https:\/\/www.rodrigoleao.pt\/en\/wp-json\/wp\/v2\/media?parent=6693"}],"curies":[{"name":"wp","href":"https:\/\/api.w.org\/{rel}","templated":true}]}}