{"id":6692,"date":"2020-03-01T01:00:24","date_gmt":"2020-03-01T00:00:24","guid":{"rendered":"https:\/\/www.rodrigoleao.pt\/produto\/o-malabarista-reproducao\/"},"modified":"2020-12-11T14:01:37","modified_gmt":"2020-12-11T13:01:37","slug":"o-malabarista-reproducao","status":"publish","type":"product","link":"https:\/\/www.rodrigoleao.pt\/en\/produto\/o-malabarista-reproducao\/","title":{"rendered":"&#8220;O Malabarista&#8221; &#8211; reprodu\u00e7\u00e3o"},"content":{"rendered":"","protected":false},"excerpt":{"rendered":"<p>Reprodu\u00e7\u00e3o &#8211;\u00a0imagem com 30x40cm &#8211; (sem passepartout)<\/p>\n<p>*Moldura n\u00e3o inclu\u00edda.<\/p>\n","protected":false},"featured_media":6083,"comment_status":"open","ping_status":"closed","template":"","meta":[],"_links":{"self":[{"href":"https:\/\/www.rodrigoleao.pt\/en\/wp-json\/wp\/v2\/product\/6692"}],"collection":[{"href":"https:\/\/www.rodrigoleao.pt\/en\/wp-json\/wp\/v2\/product"}],"about":[{"href":"https:\/\/www.rodrigoleao.pt\/en\/wp-json\/wp\/v2\/types\/product"}],"replies":[{"embeddable":true,"href":"https:\/\/www.rodrigoleao.pt\/en\/wp-json\/wp\/v2\/comments?post=6692"}],"wp:featuredmedia":[{"embeddable":true,"href":"https:\/\/www.rodrigoleao.pt\/en\/wp-json\/wp\/v2\/media\/6083"}],"wp:attachment":[{"href":"https:\/\/www.rodrigoleao.pt\/en\/wp-json\/wp\/v2\/media?parent=6692"}],"curies":[{"name":"wp","href":"https:\/\/api.w.org\/{rel}","templated":true}]}}