{"id":6690,"date":"2020-03-01T01:10:31","date_gmt":"2020-03-01T00:10:31","guid":{"rendered":"https:\/\/www.rodrigoleao.pt\/produto\/o-desconfiado-reproducao\/"},"modified":"2020-12-11T13:48:20","modified_gmt":"2020-12-11T12:48:20","slug":"o-desconfiado-reproducao","status":"publish","type":"product","link":"https:\/\/www.rodrigoleao.pt\/en\/produto\/o-desconfiado-reproducao\/","title":{"rendered":"&#8220;O Desconfiado&#8221; &#8211; reprodu\u00e7\u00e3o"},"content":{"rendered":"","protected":false},"excerpt":{"rendered":"<p>Reprodu\u00e7\u00e3o &#8211;\u00a0imagem com 30x40cm (sem passepartout)<\/p>\n<p>*Moldura n\u00e3o inclu\u00edda.<\/p>\n","protected":false},"featured_media":6087,"comment_status":"open","ping_status":"closed","template":"","meta":[],"_links":{"self":[{"href":"https:\/\/www.rodrigoleao.pt\/en\/wp-json\/wp\/v2\/product\/6690"}],"collection":[{"href":"https:\/\/www.rodrigoleao.pt\/en\/wp-json\/wp\/v2\/product"}],"about":[{"href":"https:\/\/www.rodrigoleao.pt\/en\/wp-json\/wp\/v2\/types\/product"}],"replies":[{"embeddable":true,"href":"https:\/\/www.rodrigoleao.pt\/en\/wp-json\/wp\/v2\/comments?post=6690"}],"wp:featuredmedia":[{"embeddable":true,"href":"https:\/\/www.rodrigoleao.pt\/en\/wp-json\/wp\/v2\/media\/6087"}],"wp:attachment":[{"href":"https:\/\/www.rodrigoleao.pt\/en\/wp-json\/wp\/v2\/media?parent=6690"}],"curies":[{"name":"wp","href":"https:\/\/api.w.org\/{rel}","templated":true}]}}