{"id":6689,"date":"2020-03-01T01:22:15","date_gmt":"2020-03-01T00:22:15","guid":{"rendered":"https:\/\/www.rodrigoleao.pt\/produto\/o-metodo-reproducao\/"},"modified":"2020-12-11T13:47:25","modified_gmt":"2020-12-11T12:47:25","slug":"o-metodo-reproducao","status":"publish","type":"product","link":"https:\/\/www.rodrigoleao.pt\/en\/produto\/o-metodo-reproducao\/","title":{"rendered":"&#8220;O M\u00e9todo&#8221; &#8211; reprodu\u00e7\u00e3o"},"content":{"rendered":"","protected":false},"excerpt":{"rendered":"<p>Reprodu\u00e7\u00e3o &#8211;\u00a0imagem com 30x40cm (sem passepartout)<br \/>\n*Moldura n\u00e3o inclu\u00edda.<\/p>\n<p>&nbsp;<\/p>\n","protected":false},"featured_media":6077,"comment_status":"open","ping_status":"closed","template":"","meta":[],"_links":{"self":[{"href":"https:\/\/www.rodrigoleao.pt\/en\/wp-json\/wp\/v2\/product\/6689"}],"collection":[{"href":"https:\/\/www.rodrigoleao.pt\/en\/wp-json\/wp\/v2\/product"}],"about":[{"href":"https:\/\/www.rodrigoleao.pt\/en\/wp-json\/wp\/v2\/types\/product"}],"replies":[{"embeddable":true,"href":"https:\/\/www.rodrigoleao.pt\/en\/wp-json\/wp\/v2\/comments?post=6689"}],"wp:featuredmedia":[{"embeddable":true,"href":"https:\/\/www.rodrigoleao.pt\/en\/wp-json\/wp\/v2\/media\/6077"}],"wp:attachment":[{"href":"https:\/\/www.rodrigoleao.pt\/en\/wp-json\/wp\/v2\/media?parent=6689"}],"curies":[{"name":"wp","href":"https:\/\/api.w.org\/{rel}","templated":true}]}}