{"id":6684,"date":"2020-03-10T11:35:10","date_gmt":"2020-03-10T10:35:10","guid":{"rendered":"https:\/\/www.rodrigoleao.pt\/produto\/o-metodo-reproducao-com-passepartout-branco\/"},"modified":"2020-12-11T13:46:15","modified_gmt":"2020-12-11T12:46:15","slug":"o-metodo-reproducao-com-passepartout-branco","status":"publish","type":"product","link":"https:\/\/www.rodrigoleao.pt\/en\/produto\/o-metodo-reproducao-com-passepartout-branco\/","title":{"rendered":"&#8220;O M\u00e9todo&#8221; &#8211; reprodu\u00e7\u00e3o com Passepartout (branco)"},"content":{"rendered":"","protected":false},"excerpt":{"rendered":"<p>Reprodu\u00e7\u00e3o com passepartout imagem com 22,5x30cm (medida exterior 30x40cm)<\/p>\n<p>*Moldura n\u00e3o inclu\u00edda.<\/p>\n","protected":false},"featured_media":6067,"comment_status":"open","ping_status":"closed","template":"","meta":[],"_links":{"self":[{"href":"https:\/\/www.rodrigoleao.pt\/en\/wp-json\/wp\/v2\/product\/6684"}],"collection":[{"href":"https:\/\/www.rodrigoleao.pt\/en\/wp-json\/wp\/v2\/product"}],"about":[{"href":"https:\/\/www.rodrigoleao.pt\/en\/wp-json\/wp\/v2\/types\/product"}],"replies":[{"embeddable":true,"href":"https:\/\/www.rodrigoleao.pt\/en\/wp-json\/wp\/v2\/comments?post=6684"}],"wp:featuredmedia":[{"embeddable":true,"href":"https:\/\/www.rodrigoleao.pt\/en\/wp-json\/wp\/v2\/media\/6067"}],"wp:attachment":[{"href":"https:\/\/www.rodrigoleao.pt\/en\/wp-json\/wp\/v2\/media?parent=6684"}],"curies":[{"name":"wp","href":"https:\/\/api.w.org\/{rel}","templated":true}]}}