{"id":3575,"date":"2016-11-29T16:47:58","date_gmt":"2016-11-29T15:47:58","guid":{"rendered":"https:\/\/www.rodrigoleao.pt\/en\/?page_id=3575"},"modified":"2016-11-30T13:43:55","modified_gmt":"2016-11-30T12:43:55","slug":"terms-and-conditions","status":"publish","type":"page","link":"https:\/\/www.rodrigoleao.pt\/en\/terms-and-conditions\/","title":{"rendered":"Terms and Conditions"},"content":{"rendered":"<h3 style=\"text-align: center;\">General Conditions<\/h3>\n<p style=\"text-align: justify;\">These &#8220;Terms and Conditions&#8221; determine the rules of use of the site Shop of <a href=\"https:\/\/www.rodrigoleao.pt\/en\/\">www.rodrigoleao.pt<\/a>, and establish contractual relations between all users of the website Shop of <a href=\"https:\/\/www.rodrigoleao.pt\/en\/\">www.rodrigoleao.pt<\/a> and the company UGURU II, Produ\u00e7\u00f5es Lda, owner of Shop of <a href=\"https:\/\/www.rodrigoleao.pt\/en\/\">www.rodrigoleao.pt<\/a><\/p>\n<p style=\"text-align: justify;\">UGURU II, Produ\u00e7\u00f5es Lda \u00a0is a company located at Avenida do Brasil 634, with postal code 2750-309 Lisboa, VAT number 506 398 137.<br \/>\nThe &#8220;Terms and Conditions&#8221; presented here are the only ones applicable unless there is a prior agreement expressed in writing by the company UGURU II, Produ\u00e7\u00f5es Lda.<\/p>\n<p style=\"text-align: justify;\">Sons em UGURU II, Produ\u00e7\u00f5es Lda \u00a0may, from time, amend the provisions of its Terms and Conditions of Use.<br \/>\nBy accessing the site Shop of <a href=\"https:\/\/www.rodrigoleao.pt\/en\/\">www.rodrigoleao.pt<\/a>, the customer undertakes to comply with the &#8220;Terms and Conditions&#8221;.<br \/>\nIt is considered that when a request is validated, the client automatically accept our &#8220;Terms and Conditions&#8221;.<\/p>\n<h3 style=\"text-align: center;\">User Registration<\/h3>\n<p style=\"text-align: justify;\">To register on the site Shop of <a href=\"https:\/\/www.rodrigoleao.pt\/en\/\">www.rodrigoleao.pt<\/a> you should use the &#8220;Register&#8221; and fill out the requested data. The registration process is quite simple. Shop of <a href=\"https:\/\/www.rodrigoleao.pt\/en\/\">www.rodrigoleao.pt<\/a> collects only the information necessary for us to identify, contact and provide delivery service. The Registration is not mandatory and any order placed at Shop of <a href=\"https:\/\/www.rodrigoleao.pt\/en\/\">www.rodrigoleao.pt<\/a> by any not registered user will be treated in the same way as one from a registerd user. However any further contact after order delivery will be lost.<\/p>\n<p style=\"text-align: justify;\">The user of the site Shop of www.rodrigoleao.pt is responsible for the elements given to access the account (username and password) in order to ensure the confidentiality of the data.<\/p>\n<h3 style=\"text-align: center;\">My Account<\/h3>\n<p style=\"text-align: justify;\">The user of the site Shop of <a href=\"https:\/\/www.rodrigoleao.pt\/en\/\">www.rodrigoleao.pt<\/a> is responsible for the elements given to access the account (username and password) in order to ensure the confidentiality of the data.\u00a0In &#8220;My Account&#8221; you can see the orders made or change your password. If you make a purchase and check that the address is outdated you can add a new address. If the old address is no longer in use you must communicate by email to Shop of <a href=\"https:\/\/www.rodrigoleao.pt\/en\/\">www.rodrigoleao.pt<\/a> (<a href=\"mailto:info@rodrigoleao.pt\">info@rodrigoleao.pt<\/a>) to remove the old address.<\/p>\n<p style=\"text-align: justify;\">In case of misuse of the site and whether the applicable legal procedure, Shop of <a href=\"https:\/\/www.rodrigoleao.pt\/en\/\">www.rodrigoleao.pt<\/a> reserves the right to in particular proceed to the cancellation of user registration, removal orders and any other type of content.<\/p>\n<p style=\"text-align: justify;\">Shop of <a href=\"https:\/\/www.rodrigoleao.pt\/en\/\">www.rodrigoleao.pt<\/a> guarantees the confidentiality of any data supplied by its customers. The gathering and processing of data is carried out safely, which prevents its loss or manipulation.<\/p>\n<p style=\"text-align: justify;\">Shop of <a href=\"https:\/\/www.rodrigoleao.pt\/en\/\">www.rodrigoleao.pt<\/a> does\u00a0not disclose or sell the data of its customers to third parties, all information is confidential. Access to information is restricted, and this is only used for communication with the client, process your orders, namely: payment, shipping and after-sale.<\/p>\n<p style=\"text-align: justify;\">All clients have the right to access, rectification, cancellation and opposition of their data. If you wish, at any time, no longer be part of Shop of <a href=\"https:\/\/www.rodrigoleao.pt\/en\/\">www.rodrigoleao.pt<\/a> you may exercise this right through a simple e-mail to: <a href=\"mailto:info@rodrigoleao.pt\">info@rodrigoleao.pt<\/a><\/p>\n<h3 style=\"text-align: center;\">Litigation and Responsibilities<\/h3>\n<p style=\"text-align: justify;\">\u00a0The resolution of any dispute regarding the interpretation or enforcement of these Terms and Conditions shall be settled on the Court of the District of Lisboa.<\/p>\n<p style=\"text-align: justify;\">Shop of <a href=\"https:\/\/www.rodrigoleao.pt\/en\/\">www.rodrigoleao.pt<\/a> is not responsible for delays or breaches of contract for reasons of force majeure: disturbance, total or partial strike, postal services and means of transport or communications, flood, fire or war.<\/p>\n<p style=\"text-align: justify;\">Shop of <a href=\"https:\/\/www.rodrigoleao.pt\/en\/\">www.rodrigoleao.pt<\/a> is not liable for any indirect damage: operating loss, loss of profit, loss of opportunity, damages or fees that may arise from the fact that the purchase of any product displayed on the website.<\/p>\n<p style=\"text-align: justify;\">Although our products have performance consistent with professional uses, Shop of <a href=\"https:\/\/www.rodrigoleao.pt\/en\/\">www.rodrigoleao.pt<\/a> is not directed to a professional audience. Shop of <a href=\"https:\/\/www.rodrigoleao.pt\/en\/\">www.rodrigoleao.pt<\/a> can not be responsable for any injury that is a result of a professional activity.<\/p>\n<h3 style=\"text-align: center;\">Info<\/h3>\n<p style=\"text-align: justify;\">Shop of <a href=\"https:\/\/www.rodrigoleao.pt\/en\/\">www.rodrigoleao.pt<\/a> is intended only for private use. Reproduction, transfer, distribution or storage of contents of Shop of <a href=\"https:\/\/www.rodrigoleao.pt\/en\/\">www.rodrigoleao.pt<\/a> without prior written permission is prohibited for other purposes.<\/p>\n<p style=\"text-align: justify;\">To facilitate access to other content, Shop of <a href=\"https:\/\/www.rodrigoleao.pt\/en\/\">www.rodrigoleao.pt<\/a> website may include links to other websites. This does not mean that these sites are supported or recommended by Shop of <a href=\"https:\/\/www.rodrigoleao.pt\/en\/\">www.rodrigoleao.pt<\/a>. The client that accesses an external link should read and accept the conditions of this site before using.<\/p>\n<p style=\"text-align: justify;\">The catalog of products existing in Shop of <a href=\"https:\/\/www.rodrigoleao.pt\/en\/\">www.rodrigoleao.pt<\/a> may be independent of the physical stores, both in terms of price and quantities in stock.<\/p>\n<p style=\"text-align: justify;\">All promotional campaigns have limited stock and exclusive to online marketing.<\/p>\n<h3 style=\"text-align: center;\">Payment Methods in Shop<\/h3>\n<p style=\"text-align: justify;\">Before completing your order, you must choose one of the payment methods available in Merchearia. By completing the order, it will be sent to your email the confirmation of the order and the informations to settle on the type of payment chosen. If within minutes you do not receive an email be sure to check the box of unsolicited mail (SPAM). The purchases will only be sent after payment confirmation.<\/p>\n","protected":false},"excerpt":{"rendered":"<p>General Conditions These &#8220;Terms and Conditions&#8221; determine the rules of use of the site Shop of www.rodrigoleao.pt, and establish contractual relations between all users of the website Shop of www.rodrigoleao.pt and the company UGURU II, Produ\u00e7\u00f5es Lda, owner of Shop of www.rodrigoleao.pt UGURU II, Produ\u00e7\u00f5es Lda \u00a0is a company located at Avenida do Brasil 634, [&hellip;]<\/p>\n","protected":false},"author":4,"featured_media":0,"parent":0,"menu_order":0,"comment_status":"closed","ping_status":"closed","template":"","meta":[],"_links":{"self":[{"href":"https:\/\/www.rodrigoleao.pt\/en\/wp-json\/wp\/v2\/pages\/3575"}],"collection":[{"href":"https:\/\/www.rodrigoleao.pt\/en\/wp-json\/wp\/v2\/pages"}],"about":[{"href":"https:\/\/www.rodrigoleao.pt\/en\/wp-json\/wp\/v2\/types\/page"}],"author":[{"embeddable":true,"href":"https:\/\/www.rodrigoleao.pt\/en\/wp-json\/wp\/v2\/users\/4"}],"replies":[{"embeddable":true,"href":"https:\/\/www.rodrigoleao.pt\/en\/wp-json\/wp\/v2\/comments?post=3575"}],"version-history":[{"count":4,"href":"https:\/\/www.rodrigoleao.pt\/en\/wp-json\/wp\/v2\/pages\/3575\/revisions"}],"predecessor-version":[{"id":3598,"href":"https:\/\/www.rodrigoleao.pt\/en\/wp-json\/wp\/v2\/pages\/3575\/revisions\/3598"}],"wp:attachment":[{"href":"https:\/\/www.rodrigoleao.pt\/en\/wp-json\/wp\/v2\/media?parent=3575"}],"curies":[{"name":"wp","href":"https:\/\/api.w.org\/{rel}","templated":true}]}}